

{"id":12602,"date":"2023-09-04T14:57:43","date_gmt":"2023-09-04T12:57:43","guid":{"rendered":"https:\/\/shop.castellodigabianowine.it\/?post_type=product&#038;p=12602"},"modified":"2023-09-14T17:28:32","modified_gmt":"2023-09-14T15:28:32","slug":"o-cona-copia","status":"publish","type":"product","link":"https:\/\/shop.castellodigabianowine.it\/en\/shop\/o-cona-copia\/","title":{"rendered":"O C\u00f4n\u00e2"},"content":{"rendered":"\t\t<div data-elementor-type=\"wp-post\" data-elementor-id=\"12602\" class=\"elementor elementor-12602 elementor-12601\" data-elementor-post-type=\"product\">\n\t\t\t\t\t\t<section class=\"elementor-section elementor-top-section elementor-element elementor-element-1d929ce7 elementor-section-stretched elementor-section-boxed elementor-section-height-default elementor-section-height-default\" data-id=\"1d929ce7\" data-element_type=\"section\" data-settings=\"{&quot;stretch_section&quot;:&quot;section-stretched&quot;}\">\n\t\t\t\t\t\t<div class=\"elementor-container elementor-column-gap-wider\">\n\t\t\t\t\t<div class=\"elementor-column elementor-col-50 elementor-top-column elementor-element elementor-element-337d5abf\" data-id=\"337d5abf\" data-element_type=\"column\">\n\t\t\t<div class=\"elementor-widget-wrap elementor-element-populated\">\n\t\t\t\t\t\t<div class=\"elementor-element elementor-element-51a38f0a elementor-widget elementor-widget-heading\" data-id=\"51a38f0a\" data-element_type=\"widget\" data-widget_type=\"heading.default\">\n\t\t\t\t<div class=\"elementor-widget-container\">\n\t\t\t\t\t<h1 class=\"elementor-heading-title elementor-size-large\">TASTING NOTES<\/h1>\t\t\t\t<\/div>\n\t\t\t\t<\/div>\n\t\t\t\t<div class=\"elementor-element elementor-element-27fe297d elementor-widget elementor-widget-text-editor\" data-id=\"27fe297d\" data-element_type=\"widget\" data-widget_type=\"text-editor.default\">\n\t\t\t\t<div class=\"elementor-widget-container\">\n\t\t\t\t\t\t\t\t\t<p>Visually it appears a straw yellow with slight greenish reflections.<br \/>\nThe nose shows fruity and floral hints of green apple and orange blossom, then emerge secondary green vegetable hints and mineral sensations.<br \/>\nIn the mouth it is sapid, warm, full but slender, this sensation is given by its extraordinary freshness a slight and pleasant savory-bitter aftertaste is perceptible.<\/p>\n<p><b>Color<\/b><span style=\"font-weight: 400;\">: Straw yellow with greenish reflections.<\/span><\/p>\n<p><b>Bouquet<\/b><span style=\"font-weight: 400;\">: Fine, characteristic, delicate with complex fruity and floral scents.<\/span><\/p>\n<p><b>Taste<\/b><span style=\"font-weight: 400;\">: Dry, savory, harmonious, intense, complex, mineral with balanced acidity.<\/span><\/p>\n\t\t\t\t\t\t\t\t<\/div>\n\t\t\t\t<\/div>\n\t\t\t\t\t<\/div>\n\t\t<\/div>\n\t\t\t\t<div class=\"elementor-column elementor-col-50 elementor-top-column elementor-element elementor-element-7229d585\" data-id=\"7229d585\" data-element_type=\"column\">\n\t\t\t<div class=\"elementor-widget-wrap elementor-element-populated\">\n\t\t\t\t\t\t<div class=\"elementor-element elementor-element-4b80b107 elementor-widget elementor-widget-heading\" data-id=\"4b80b107\" data-element_type=\"widget\" data-widget_type=\"heading.default\">\n\t\t\t\t<div class=\"elementor-widget-container\">\n\t\t\t\t\t<h2 class=\"elementor-heading-title elementor-size-default\">DATA SHEET<\/h2>\t\t\t\t<\/div>\n\t\t\t\t<\/div>\n\t\t\t\t<div class=\"elementor-element elementor-element-60bf54d4 elementor-widget elementor-widget-text-editor\" data-id=\"60bf54d4\" data-element_type=\"widget\" data-widget_type=\"text-editor.default\">\n\t\t\t\t<div class=\"elementor-widget-container\">\n\t\t\t\t\t\t\t\t\t<p>Wine of great richness and elegance, characteristics conferred by the Vermentino, Albarola and Bianchetta Genovese vines that find optimal production conditions in the Morego Hills behind Genoa.<br \/>\nThe limited production of grapes per hectare is obtained with rigorous pruning and the selection of the grapes during the harvesting phase which takes place by hand.<br \/>\nPressing of the grapes and processing of the must are carried out in the softest and least invasive way to maintain all the characteristics of typicality and intact aromas.<br \/>\nIt is a young and ready-to-drink wine with intense and expressive fruity and floral aromas but also great minerality, obtained and enhanced through a particular and prolonged stay on the fine lees and at low temperatures.<\/p>\n<p><span style=\"font-weight: 400;\">\u00a0<\/span><\/p>\n\t\t\t\t\t\t\t\t<\/div>\n\t\t\t\t<\/div>\n\t\t\t\t\t<\/div>\n\t\t<\/div>\n\t\t\t\t\t<\/div>\n\t\t<\/section>\n\t\t\t\t<\/div>\n\t\t","protected":false},"excerpt":{"rendered":"<ul>\n<li style=\"font-weight: 400\"><span style=\"font-weight: 400\"><strong>Vintage:<\/strong> 2022<\/span><\/li>\n<li style=\"font-weight: 400\"><span style=\"font-weight: 400\"><strong>Denomination:<\/strong> Coronata Val Polcevera DOC<\/span><\/li>\n<li style=\"font-weight: 400\"><b>Format<\/b><span style=\"font-weight: 400\">: 0,75l<\/span><\/li>\n<li style=\"font-weight: 400\"><span style=\"font-weight: 400\"><strong>Type:<\/strong> White<\/span><\/li>\n<li style=\"font-weight: 400\"><b>Grapes<\/b><span style=\"font-weight: 400\">: Vermentino, Albarola and Bosco<\/span><\/li>\n<li style=\"font-weight: 400\"><b>Aging<\/b><span style=\"font-weight: 400\">: In steel<\/span><\/li>\n<li style=\"font-weight: 400\"><span style=\"font-weight: 400\"><strong>Serving temperature:<\/strong> 8 \u2013 10\u00b0C<\/span><\/li>\n<li style=\"font-weight: 400\"><span style=\"font-weight: 400\"><strong>Food matching:<\/strong> Fish-based dishes &#8211; White meats &#8211; Excellent as an aperitif<\/span><\/li>\n<\/ul>\n","protected":false},"featured_media":11661,"template":"","meta":[],"product_brand":[],"product_cat":[154,158],"product_tag":[159],"class_list":{"0":"post-12602","1":"product","2":"type-product","3":"status-publish","4":"has-post-thumbnail","6":"product_cat-all","7":"product_cat-villa-cambiaso-en","8":"product_tag-fine-wines","9":"product_shipping_class-courier-3-5-days","10":"pa_formato-base-en","13":"first","14":"instock","15":"taxable","16":"shipping-taxable","17":"purchasable","18":"product-type-simple"},"yoast_head":"<!-- This site is optimized with the Yoast SEO plugin v26.1.1 - https:\/\/yoast.com\/wordpress\/plugins\/seo\/ -->\n<title>Vino O C\u00f4n\u00e2 - Sito ufficiale Marchesi Cattaneo Adorno Giustiniani<\/title>\n<meta name=\"description\" content=\"O C\u00f4n\u00e2 del Castello di Gabiano: scopri tutte le sue caratteristiche acquistalo online sul nostro e-commerce ufficiale\" \/>\n<meta name=\"robots\" content=\"index, follow, max-snippet:-1, max-image-preview:large, max-video-preview:-1\" \/>\n<link rel=\"canonical\" href=\"https:\/\/shop.castellodigabianowine.it\/en\/shop\/o-cona-copia\/\" \/>\n<meta property=\"og:locale\" content=\"en_US\" \/>\n<meta property=\"og:type\" content=\"article\" \/>\n<meta property=\"og:title\" content=\"Vino O C\u00f4n\u00e2 - Sito ufficiale Marchesi Cattaneo Adorno Giustiniani\" \/>\n<meta property=\"og:description\" content=\"O C\u00f4n\u00e2 del Castello di Gabiano: scopri tutte le sue caratteristiche acquistalo online sul nostro e-commerce ufficiale\" \/>\n<meta property=\"og:url\" content=\"https:\/\/shop.castellodigabianowine.it\/en\/shop\/o-cona-copia\/\" \/>\n<meta property=\"og:site_name\" content=\"Marchesi Cattaneo Adorno Giustiniani\" \/>\n<meta property=\"article:publisher\" content=\"https:\/\/www.facebook.com\/CastelloDiGabiano\/\" \/>\n<meta property=\"article:modified_time\" content=\"2023-09-14T15:28:32+00:00\" \/>\n<meta property=\"og:image\" content=\"https:\/\/shop.castellodigabianowine.it\/wp-content\/uploads\/2021\/06\/o-cona.png\" \/>\n\t<meta property=\"og:image:width\" content=\"341\" \/>\n\t<meta property=\"og:image:height\" content=\"1000\" \/>\n\t<meta property=\"og:image:type\" content=\"image\/png\" \/>\n<meta name=\"twitter:card\" content=\"summary_large_image\" \/>\n<meta name=\"twitter:site\" content=\"@CastelloGabiano\" \/>\n<meta name=\"twitter:label1\" content=\"Est. reading time\" \/>\n\t<meta name=\"twitter:data1\" content=\"1 minute\" \/>\n<script type=\"application\/ld+json\" class=\"yoast-schema-graph\">{\"@context\":\"https:\/\/schema.org\",\"@graph\":[{\"@type\":\"WebPage\",\"@id\":\"https:\/\/shop.castellodigabianowine.it\/en\/shop\/o-cona-copia\/\",\"url\":\"https:\/\/shop.castellodigabianowine.it\/en\/shop\/o-cona-copia\/\",\"name\":\"Vino O C\u00f4n\u00e2 - Sito ufficiale Marchesi Cattaneo Adorno Giustiniani\",\"isPartOf\":{\"@id\":\"https:\/\/shop.castellodigabianowine.it\/en\/#website\"},\"primaryImageOfPage\":{\"@id\":\"https:\/\/shop.castellodigabianowine.it\/en\/shop\/o-cona-copia\/#primaryimage\"},\"image\":{\"@id\":\"https:\/\/shop.castellodigabianowine.it\/en\/shop\/o-cona-copia\/#primaryimage\"},\"thumbnailUrl\":\"https:\/\/shop.castellodigabianowine.it\/wp-content\/uploads\/2021\/06\/o-cona.png\",\"datePublished\":\"2023-09-04T12:57:43+00:00\",\"dateModified\":\"2023-09-14T15:28:32+00:00\",\"description\":\"O C\u00f4n\u00e2 del Castello di Gabiano: scopri tutte le sue caratteristiche acquistalo online sul nostro e-commerce ufficiale\",\"breadcrumb\":{\"@id\":\"https:\/\/shop.castellodigabianowine.it\/en\/shop\/o-cona-copia\/#breadcrumb\"},\"inLanguage\":\"en-US\",\"potentialAction\":[{\"@type\":\"ReadAction\",\"target\":[\"https:\/\/shop.castellodigabianowine.it\/en\/shop\/o-cona-copia\/\"]}]},{\"@type\":\"ImageObject\",\"inLanguage\":\"en-US\",\"@id\":\"https:\/\/shop.castellodigabianowine.it\/en\/shop\/o-cona-copia\/#primaryimage\",\"url\":\"https:\/\/shop.castellodigabianowine.it\/wp-content\/uploads\/2021\/06\/o-cona.png\",\"contentUrl\":\"https:\/\/shop.castellodigabianowine.it\/wp-content\/uploads\/2021\/06\/o-cona.png\",\"width\":341,\"height\":1000,\"caption\":\"Bottle of O C\u00f4n\u00e2 wine\"},{\"@type\":\"BreadcrumbList\",\"@id\":\"https:\/\/shop.castellodigabianowine.it\/en\/shop\/o-cona-copia\/#breadcrumb\",\"itemListElement\":[{\"@type\":\"ListItem\",\"position\":1,\"name\":\"Home\",\"item\":\"https:\/\/shop.castellodigabianowine.it\/en\/\"},{\"@type\":\"ListItem\",\"position\":2,\"name\":\"Shop\",\"item\":\"https:\/\/shop.castellodigabianowine.it\/shop\/\"},{\"@type\":\"ListItem\",\"position\":3,\"name\":\"O C\u00f4n\u00e2\"}]},{\"@type\":\"WebSite\",\"@id\":\"https:\/\/shop.castellodigabianowine.it\/en\/#website\",\"url\":\"https:\/\/shop.castellodigabianowine.it\/en\/\",\"name\":\"Marchesi Cattaneo Adorno Giustiniani\",\"description\":\"\",\"publisher\":{\"@id\":\"https:\/\/shop.castellodigabianowine.it\/en\/#organization\"},\"potentialAction\":[{\"@type\":\"SearchAction\",\"target\":{\"@type\":\"EntryPoint\",\"urlTemplate\":\"https:\/\/shop.castellodigabianowine.it\/en\/?s={search_term_string}\"},\"query-input\":{\"@type\":\"PropertyValueSpecification\",\"valueRequired\":true,\"valueName\":\"search_term_string\"}}],\"inLanguage\":\"en-US\"},{\"@type\":\"Organization\",\"@id\":\"https:\/\/shop.castellodigabianowine.it\/en\/#organization\",\"name\":\"Marchesi Cattaneo Adorno Giustiniani\",\"url\":\"https:\/\/shop.castellodigabianowine.it\/en\/\",\"logo\":{\"@type\":\"ImageObject\",\"inLanguage\":\"en-US\",\"@id\":\"https:\/\/shop.castellodigabianowine.it\/en\/#\/schema\/logo\/image\/\",\"url\":\"https:\/\/shop.castellodigabianowine.it\/wp-content\/uploads\/2021\/04\/castello-di-gabiano.png\",\"contentUrl\":\"https:\/\/shop.castellodigabianowine.it\/wp-content\/uploads\/2021\/04\/castello-di-gabiano.png\",\"width\":800,\"height\":278,\"caption\":\"Marchesi Cattaneo Adorno Giustiniani\"},\"image\":{\"@id\":\"https:\/\/shop.castellodigabianowine.it\/en\/#\/schema\/logo\/image\/\"},\"sameAs\":[\"https:\/\/www.facebook.com\/CastelloDiGabiano\/\",\"https:\/\/x.com\/CastelloGabiano\",\"https:\/\/www.instagram.com\/castellodigabiano\/\",\"https:\/\/www.youtube.com\/channel\/UCfP6xj_qSXOffq2ccDWZ1hw\"]}]}<\/script>\n<!-- \/ Yoast SEO plugin. -->","yoast_head_json":{"title":"Vino O C\u00f4n\u00e2 - Sito ufficiale Marchesi Cattaneo Adorno Giustiniani","description":"O C\u00f4n\u00e2 del Castello di Gabiano: scopri tutte le sue caratteristiche acquistalo online sul nostro e-commerce ufficiale","robots":{"index":"index","follow":"follow","max-snippet":"max-snippet:-1","max-image-preview":"max-image-preview:large","max-video-preview":"max-video-preview:-1"},"canonical":"https:\/\/shop.castellodigabianowine.it\/en\/shop\/o-cona-copia\/","og_locale":"en_US","og_type":"article","og_title":"Vino O C\u00f4n\u00e2 - Sito ufficiale Marchesi Cattaneo Adorno Giustiniani","og_description":"O C\u00f4n\u00e2 del Castello di Gabiano: scopri tutte le sue caratteristiche acquistalo online sul nostro e-commerce ufficiale","og_url":"https:\/\/shop.castellodigabianowine.it\/en\/shop\/o-cona-copia\/","og_site_name":"Marchesi Cattaneo Adorno Giustiniani","article_publisher":"https:\/\/www.facebook.com\/CastelloDiGabiano\/","article_modified_time":"2023-09-14T15:28:32+00:00","og_image":[{"width":341,"height":1000,"url":"https:\/\/shop.castellodigabianowine.it\/wp-content\/uploads\/2021\/06\/o-cona.png","type":"image\/png"}],"twitter_card":"summary_large_image","twitter_site":"@CastelloGabiano","twitter_misc":{"Est. reading time":"1 minute"},"schema":{"@context":"https:\/\/schema.org","@graph":[{"@type":"WebPage","@id":"https:\/\/shop.castellodigabianowine.it\/en\/shop\/o-cona-copia\/","url":"https:\/\/shop.castellodigabianowine.it\/en\/shop\/o-cona-copia\/","name":"Vino O C\u00f4n\u00e2 - Sito ufficiale Marchesi Cattaneo Adorno Giustiniani","isPartOf":{"@id":"https:\/\/shop.castellodigabianowine.it\/en\/#website"},"primaryImageOfPage":{"@id":"https:\/\/shop.castellodigabianowine.it\/en\/shop\/o-cona-copia\/#primaryimage"},"image":{"@id":"https:\/\/shop.castellodigabianowine.it\/en\/shop\/o-cona-copia\/#primaryimage"},"thumbnailUrl":"https:\/\/shop.castellodigabianowine.it\/wp-content\/uploads\/2021\/06\/o-cona.png","datePublished":"2023-09-04T12:57:43+00:00","dateModified":"2023-09-14T15:28:32+00:00","description":"O C\u00f4n\u00e2 del Castello di Gabiano: scopri tutte le sue caratteristiche acquistalo online sul nostro e-commerce ufficiale","breadcrumb":{"@id":"https:\/\/shop.castellodigabianowine.it\/en\/shop\/o-cona-copia\/#breadcrumb"},"inLanguage":"en-US","potentialAction":[{"@type":"ReadAction","target":["https:\/\/shop.castellodigabianowine.it\/en\/shop\/o-cona-copia\/"]}]},{"@type":"ImageObject","inLanguage":"en-US","@id":"https:\/\/shop.castellodigabianowine.it\/en\/shop\/o-cona-copia\/#primaryimage","url":"https:\/\/shop.castellodigabianowine.it\/wp-content\/uploads\/2021\/06\/o-cona.png","contentUrl":"https:\/\/shop.castellodigabianowine.it\/wp-content\/uploads\/2021\/06\/o-cona.png","width":341,"height":1000,"caption":"Bottle of O C\u00f4n\u00e2 wine"},{"@type":"BreadcrumbList","@id":"https:\/\/shop.castellodigabianowine.it\/en\/shop\/o-cona-copia\/#breadcrumb","itemListElement":[{"@type":"ListItem","position":1,"name":"Home","item":"https:\/\/shop.castellodigabianowine.it\/en\/"},{"@type":"ListItem","position":2,"name":"Shop","item":"https:\/\/shop.castellodigabianowine.it\/shop\/"},{"@type":"ListItem","position":3,"name":"O C\u00f4n\u00e2"}]},{"@type":"WebSite","@id":"https:\/\/shop.castellodigabianowine.it\/en\/#website","url":"https:\/\/shop.castellodigabianowine.it\/en\/","name":"Marchesi Cattaneo Adorno Giustiniani","description":"","publisher":{"@id":"https:\/\/shop.castellodigabianowine.it\/en\/#organization"},"potentialAction":[{"@type":"SearchAction","target":{"@type":"EntryPoint","urlTemplate":"https:\/\/shop.castellodigabianowine.it\/en\/?s={search_term_string}"},"query-input":{"@type":"PropertyValueSpecification","valueRequired":true,"valueName":"search_term_string"}}],"inLanguage":"en-US"},{"@type":"Organization","@id":"https:\/\/shop.castellodigabianowine.it\/en\/#organization","name":"Marchesi Cattaneo Adorno Giustiniani","url":"https:\/\/shop.castellodigabianowine.it\/en\/","logo":{"@type":"ImageObject","inLanguage":"en-US","@id":"https:\/\/shop.castellodigabianowine.it\/en\/#\/schema\/logo\/image\/","url":"https:\/\/shop.castellodigabianowine.it\/wp-content\/uploads\/2021\/04\/castello-di-gabiano.png","contentUrl":"https:\/\/shop.castellodigabianowine.it\/wp-content\/uploads\/2021\/04\/castello-di-gabiano.png","width":800,"height":278,"caption":"Marchesi Cattaneo Adorno Giustiniani"},"image":{"@id":"https:\/\/shop.castellodigabianowine.it\/en\/#\/schema\/logo\/image\/"},"sameAs":["https:\/\/www.facebook.com\/CastelloDiGabiano\/","https:\/\/x.com\/CastelloGabiano","https:\/\/www.instagram.com\/castellodigabiano\/","https:\/\/www.youtube.com\/channel\/UCfP6xj_qSXOffq2ccDWZ1hw"]}]}},"_links":{"self":[{"href":"https:\/\/shop.castellodigabianowine.it\/en\/wp-json\/wp\/v2\/product\/12602","targetHints":{"allow":["GET"]}}],"collection":[{"href":"https:\/\/shop.castellodigabianowine.it\/en\/wp-json\/wp\/v2\/product"}],"about":[{"href":"https:\/\/shop.castellodigabianowine.it\/en\/wp-json\/wp\/v2\/types\/product"}],"version-history":[{"count":1,"href":"https:\/\/shop.castellodigabianowine.it\/en\/wp-json\/wp\/v2\/product\/12602\/revisions"}],"predecessor-version":[{"id":12616,"href":"https:\/\/shop.castellodigabianowine.it\/en\/wp-json\/wp\/v2\/product\/12602\/revisions\/12616"}],"wp:featuredmedia":[{"embeddable":true,"href":"https:\/\/shop.castellodigabianowine.it\/en\/wp-json\/wp\/v2\/media\/11661"}],"wp:attachment":[{"href":"https:\/\/shop.castellodigabianowine.it\/en\/wp-json\/wp\/v2\/media?parent=12602"}],"wp:term":[{"taxonomy":"product_brand","embeddable":true,"href":"https:\/\/shop.castellodigabianowine.it\/en\/wp-json\/wp\/v2\/product_brand?post=12602"},{"taxonomy":"product_cat","embeddable":true,"href":"https:\/\/shop.castellodigabianowine.it\/en\/wp-json\/wp\/v2\/product_cat?post=12602"},{"taxonomy":"product_tag","embeddable":true,"href":"https:\/\/shop.castellodigabianowine.it\/en\/wp-json\/wp\/v2\/product_tag?post=12602"}],"curies":[{"name":"wp","href":"https:\/\/api.w.org\/{rel}","templated":true}]}}